{"id":913,"date":"2022-07-23T11:12:11","date_gmt":"2022-07-23T09:12:11","guid":{"rendered":"https:\/\/filipm.pl\/?page_id=913"},"modified":"2022-10-23T21:42:41","modified_gmt":"2022-10-23T19:42:41","slug":"blog-eng","status":"publish","type":"page","link":"https:\/\/filipm.pl\/index.php\/en\/blog-eng\/","title":{"rendered":"Blog"},"content":{"rendered":"<p>[et_pb_section fb_built=&#8221;1&#8243; admin_label=&#8221;Blog&#8221; _builder_version=&#8221;4.17.6&#8243; _module_preset=&#8221;default&#8221; background_color=&#8221;#FFFFFF&#8221; background_enable_image=&#8221;off&#8221; background_position=&#8221;top_center&#8221; custom_padding=&#8221;||0px||false|false&#8221; locked=&#8221;off&#8221; global_colors_info=&#8221;{}&#8221;][et_pb_row _builder_version=&#8221;4.16&#8243; _module_preset=&#8221;default&#8221; global_colors_info=&#8221;{}&#8221;][et_pb_column type=&#8221;4_4&#8243; _builder_version=&#8221;4.16&#8243; _module_preset=&#8221;default&#8221; global_colors_info=&#8221;{}&#8221;][et_pb_text _builder_version=&#8221;4.17.6&#8243; _module_preset=&#8221;b0bf5418-994a-43d1-aef8-7d7c6764119d&#8221; header_font=&#8221;Montserrat|800|||||||&#8221; header_text_color=&#8221;#1A2B56&#8243; header_font_size=&#8221;63px&#8221; custom_margin=&#8221;54px||||false|false&#8221; header_font_size_tablet=&#8221;50px&#8221; header_font_size_phone=&#8221;32px&#8221; header_font_size_last_edited=&#8221;on|phone&#8221; locked=&#8221;off&#8221; global_colors_info=&#8221;{}&#8221;]<\/p>\n<h1>Blog<\/h1>\n<p>[\/et_pb_text][\/et_pb_column][\/et_pb_row][et_pb_row column_structure=&#8221;2_3,1_3&#8243; _builder_version=&#8221;4.16&#8243; _module_preset=&#8221;default&#8221; global_colors_info=&#8221;{}&#8221;][et_pb_column type=&#8221;2_3&#8243; _builder_version=&#8221;4.16&#8243; _module_preset=&#8221;default&#8221; global_colors_info=&#8221;{}&#8221;][et_pb_post_slider posts_number=&#8221;3&#8243; include_categories=&#8221;56&#8243; use_manual_excerpt=&#8221;off&#8221; excerpt_length=&#8221;150&#8243; show_meta=&#8221;off&#8221; show_image=&#8221;off&#8221; use_bg_overlay=&#8221;off&#8221; use_text_overlay=&#8221;off&#8221; arrows_custom_color=&#8221;#000000&#8243; dot_nav_custom_color=&#8221;#000000&#8243; _builder_version=&#8221;4.18.0&#8243; _module_preset=&#8221;default&#8221; header_font=&#8221;Montserrat|700|||||||&#8221; header_text_color=&#8221;#1A2B56&#8243; header_font_size=&#8221;36px&#8221; body_font=&#8221;Montserrat||||||||&#8221; body_text_color=&#8221;#666666&#8243; body_line_height=&#8221;2em&#8221; background_color=&#8221;#FFFFFF&#8221; custom_button=&#8221;on&#8221; button_text_size=&#8221;12px&#8221; button_text_color=&#8221;#1A2B56&#8243; button_bg_color=&#8221;#FFB800&#8243; button_border_width=&#8221;0px&#8221; button_border_radius=&#8221;14px&#8221; button_letter_spacing=&#8221;3px&#8221; button_font=&#8221;Montserrat|800||on|||||&#8221; button_use_icon=&#8221;off&#8221; button_custom_padding=&#8221;15px|30px|15px|30px|true|true&#8221; text_orientation=&#8221;left&#8221; background_layout=&#8221;light&#8221; header_font_size_tablet=&#8221;30px&#8221; header_font_size_phone=&#8221;20px&#8221; header_font_size_last_edited=&#8221;on|desktop&#8221; box_shadow_style=&#8221;preset3&#8243; box_shadow_vertical=&#8221;39px&#8221; box_shadow_blur=&#8221;74px&#8221; box_shadow_spread=&#8221;-8px&#8221; box_shadow_color=&#8221;rgba(0,0,0,0.16)&#8221; box_shadow_style_button=&#8221;preset3&#8243; box_shadow_color_button=&#8221;rgba(26,43,86,0.26)&#8221; locked=&#8221;off&#8221; global_colors_info=&#8221;{%22gcid-87cad038-7afd-4dda-acb0-0a24d4ccd112%22:%91%93,%22gcid-87ce0c3f-2a7b-40dd-8a42-4148be75d651%22:%91%93,%22gcid-431bd12a-5227-4536-9132-2528c0596703%22:%91%93}&#8221;][\/et_pb_post_slider][et_pb_blog fullwidth=&#8221;off&#8221; include_categories=&#8221;56&#8243; use_manual_excerpt=&#8221;off&#8221; excerpt_length=&#8221;150&#8243; show_more=&#8221;on&#8221; show_author=&#8221;off&#8221; show_date=&#8221;off&#8221; show_categories=&#8221;off&#8221; show_pagination=&#8221;off&#8221; masonry_tile_background_color=&#8221;RGBA(0,0,0,0)&#8221; _builder_version=&#8221;4.18.0&#8243; _module_preset=&#8221;default&#8221; header_font=&#8221;Montserrat|700|||||||&#8221; header_text_color=&#8221;#1A2B56&#8243; header_font_size=&#8221;18px&#8221; header_line_height=&#8221;1.4em&#8221; body_font=&#8221;Montserrat||||||||&#8221; body_text_color=&#8221;#666666&#8243; body_line_height=&#8221;2em&#8221; read_more_font=&#8221;|700|||||||&#8221; read_more_text_color=&#8221;#1A2B56&#8243; width=&#8221;100%&#8221; hover_enabled=&#8221;0&#8243; header_font_size_tablet=&#8221;16px&#8221; header_font_size_phone=&#8221;&#8221; header_font_size_last_edited=&#8221;on|desktop&#8221; border_width_all=&#8221;0px&#8221; border_radii_image=&#8221;on|10px|10px|10px|10px&#8221; locked=&#8221;off&#8221; global_colors_info=&#8221;{%22gcid-87ce0c3f-2a7b-40dd-8a42-4148be75d651%22:%91%93,%22gcid-87cad038-7afd-4dda-acb0-0a24d4ccd112%22:%91%93,%22gcid-431bd12a-5227-4536-9132-2528c0596703%22:%91%93}&#8221; sticky_enabled=&#8221;0&#8243;][\/et_pb_blog][\/et_pb_column][et_pb_column type=&#8221;1_3&#8243; _builder_version=&#8221;4.16&#8243; _module_preset=&#8221;default&#8221; global_colors_info=&#8221;{}&#8221;][et_pb_text _builder_version=&#8221;4.18.0&#8243; _module_preset=&#8221;default&#8221; text_font=&#8221;Montserrat|700|||||||&#8221; text_text_color=&#8221;#1A2B56&#8243; text_font_size=&#8221;25px&#8221; min_height=&#8221;31px&#8221; custom_margin=&#8221;1px|||||&#8221; custom_padding=&#8221;3px|||||&#8221; global_colors_info=&#8221;{}&#8221;]<\/p>\n<p>Find something that you are looking for<\/p>\n<p>[\/et_pb_text][et_pb_search button_color=&#8221;#FFB800&#8243; _builder_version=&#8221;4.18.0&#8243; _module_preset=&#8221;default&#8221; form_field_text_color=&#8221;#1A2B56&#8243; form_field_focus_background_color=&#8221;#FFFFFF&#8221; form_field_focus_text_color=&#8221;#1A2B56&#8243; button_font=&#8221;Montserrat|700|||||||&#8221; button_text_color=&#8221;#1A2B56&#8243; form_field_font=&#8221;Montserrat||||||||&#8221; global_colors_info=&#8221;{}&#8221;][\/et_pb_search][et_pb_signup mailchimp_list=&#8221;elegantthemestest|1ea2bbd026&#8243; first_name_field=&#8221;off&#8221; last_name_field=&#8221;off&#8221; success_message=&#8221;Dzi\u0119kuj\u0119 za subskrypcj\u0119!&#8221; title=&#8221;Subscribe&#8221; use_spam_service=&#8221;on&#8221; _builder_version=&#8221;4.18.0&#8243; _module_preset=&#8221;default&#8221; form_field_background_color=&#8221;#FFFFFF&#8221; form_field_text_color=&#8221;#1A2B56&#8243; form_field_focus_text_color=&#8221;#FFB800&#8243; form_field_custom_margin=&#8221;-17px||||false|false&#8221; header_font=&#8221;Montserrat|700|||||||&#8221; header_font_size=&#8221;36px&#8221; header_line_height=&#8221;1.2em&#8221; form_field_font=&#8221;Montserrat|600|||||||&#8221; form_field_font_size=&#8221;12px&#8221; form_field_letter_spacing=&#8221;3px&#8221; form_field_line_height=&#8221;3em&#8221; background_color=&#8221;#1A2B56&#8243; custom_button=&#8221;on&#8221; button_text_size=&#8221;12px&#8221; button_text_color=&#8221;#1A2B56&#8243; button_bg_color=&#8221;#FFB800&#8243; button_border_width=&#8221;0px&#8221; button_border_radius=&#8221;14px&#8221; button_letter_spacing=&#8221;3px&#8221; button_font=&#8221;Montserrat|800||on|||||&#8221; button_use_icon=&#8221;off&#8221; button_custom_padding=&#8221;15px|30px|15px|30px|true|true&#8221; max_width=&#8221;700px&#8221; max_width_last_edited=&#8221;off|desktop&#8221; module_alignment=&#8221;center&#8221; custom_margin=&#8221;80px|||||&#8221; border_radii_fields=&#8221;on|0px|0px|0px|0px&#8221; box_shadow_style_fields=&#8221;preset3&#8243; box_shadow_vertical_fields=&#8221;33px&#8221; box_shadow_blur_fields=&#8221;40px&#8221; box_shadow_spread_fields=&#8221;-10px&#8221; box_shadow_color_fields=&#8221;rgba(0,0,0,0.18)&#8221; box_shadow_style_button=&#8221;preset3&#8243; box_shadow_color_button=&#8221;rgba(26,43,86,0.26)&#8221; locked=&#8221;off&#8221; global_colors_info=&#8221;{%22gcid-87cad038-7afd-4dda-acb0-0a24d4ccd112%22:%91%93,%22gcid-87ce0c3f-2a7b-40dd-8a42-4148be75d651%22:%91%93,%22gcid-431bd12a-5227-4536-9132-2528c0596703%22:%91%93}&#8221;][\/et_pb_signup][\/et_pb_column][\/et_pb_row][\/et_pb_section]<\/p>\n","protected":false},"excerpt":{"rendered":"<p>BlogFind something that you are looking for<\/p>\n","protected":false},"author":3,"featured_media":0,"parent":0,"menu_order":0,"comment_status":"closed","ping_status":"closed","template":"","meta":{"_et_pb_use_builder":"on","_et_pb_old_content":"","_et_gb_content_width":"","footnotes":""},"class_list":["post-913","page","type-page","status-publish","hentry"],"_links":{"self":[{"href":"https:\/\/filipm.pl\/index.php\/wp-json\/wp\/v2\/pages\/913","targetHints":{"allow":["GET"]}}],"collection":[{"href":"https:\/\/filipm.pl\/index.php\/wp-json\/wp\/v2\/pages"}],"about":[{"href":"https:\/\/filipm.pl\/index.php\/wp-json\/wp\/v2\/types\/page"}],"author":[{"embeddable":true,"href":"https:\/\/filipm.pl\/index.php\/wp-json\/wp\/v2\/users\/3"}],"replies":[{"embeddable":true,"href":"https:\/\/filipm.pl\/index.php\/wp-json\/wp\/v2\/comments?post=913"}],"version-history":[{"count":11,"href":"https:\/\/filipm.pl\/index.php\/wp-json\/wp\/v2\/pages\/913\/revisions"}],"predecessor-version":[{"id":1199,"href":"https:\/\/filipm.pl\/index.php\/wp-json\/wp\/v2\/pages\/913\/revisions\/1199"}],"wp:attachment":[{"href":"https:\/\/filipm.pl\/index.php\/wp-json\/wp\/v2\/media?parent=913"}],"curies":[{"name":"wp","href":"https:\/\/api.w.org\/{rel}","templated":true}]}}